{"id":32,"date":"2020-06-19T01:10:36","date_gmt":"2020-06-19T01:10:36","guid":{"rendered":"http:\/\/iaeso.com.mx\/?page_id=32"},"modified":"2026-04-17T15:28:05","modified_gmt":"2026-04-17T21:28:05","slug":"inscripciones","status":"publish","type":"page","link":"https:\/\/iaeso.com.mx\/index.php\/inscripciones\/","title":{"rendered":"Inscripciones"},"content":{"rendered":"\n<figure class=\"wp-block-image size-large\"><img loading=\"lazy\" decoding=\"async\" width=\"1024\" height=\"614\" src=\"https:\/\/iaeso.com.mx\/wp-content\/uploads\/2025\/05\/cropped-2-2-1024x614.jpg\" alt=\"\" class=\"wp-image-222\" srcset=\"https:\/\/iaeso.com.mx\/wp-content\/uploads\/2025\/05\/cropped-2-2-1024x614.jpg 1024w, https:\/\/iaeso.com.mx\/wp-content\/uploads\/2025\/05\/cropped-2-2-300x180.jpg 300w, https:\/\/iaeso.com.mx\/wp-content\/uploads\/2025\/05\/cropped-2-2-768x460.jpg 768w, https:\/\/iaeso.com.mx\/wp-content\/uploads\/2025\/05\/cropped-2-2-1536x921.jpg 1536w, https:\/\/iaeso.com.mx\/wp-content\/uploads\/2025\/05\/cropped-2-2.jpg 2000w\" sizes=\"auto, (max-width: 767px) 89vw, (max-width: 1000px) 54vw, (max-width: 1071px) 543px, 580px\" \/><\/figure>\n\n\n\n<h2 class=\"wp-block-heading\"><strong>CONVOCATORIA<\/strong><\/h2>\n\n\n\n<p><br><strong><strong><strong>CICLO ESCOLAR AGOSTO 2026 &#8211; JULIO 2027<\/strong><\/strong><\/strong><\/p>\n\n\n\n<p>Se pone en conocimiento de la comunidad estudiantil las fechas vigentes de inscripciones<\/p>\n\n\n\n<figure class=\"wp-block-table is-style-stripes\"><table class=\"has-vivid-cyan-blue-color has-light-green-cyan-background-color has-text-color has-background has-link-color has-fixed-layout\"><tbody><tr><td><strong>Preinscripci\u00f3n<\/strong><\/td><td><strong>Precio especial<\/strong><br>Del 13 de abril al 29 de mayo de 2026<br><br><strong>Extempor\u00e1neo<\/strong><br>Del 1 de junio al 30 de julio de 2026<\/td><\/tr><tr><td><strong>Examen de ubicaci\u00f3n<\/strong><\/td><td>14 de junio de 2026 a las 8:00 am<\/td><\/tr><tr><td><strong>Examen psicom\u00e9trico<\/strong><\/td><td>14 de junio de 2026 a las 9:00 am<\/td><\/tr><tr><td><strong>Resultados<\/strong><\/td><td>22 y 23 de junio de 2026 (previa cita)<\/td><\/tr><tr><td><strong>*Segunda aplicaci\u00f3n (extempor\u00e1nea)<\/strong><\/td><td><strong>Examen de ubicaci\u00f3n<\/strong><br>9 de agosto de 2026 a las 8:00 am<br><strong>Examen psicom\u00e9trico<\/strong><br>9 de agosto de 2026 a las 9:00 am<br><strong>Resultados<\/strong><br>Solicitar fecha y cita<\/td><\/tr><tr><td><strong>Inscripci\u00f3n<\/strong><\/td><td><strong>Precio especial<\/strong><br>Del 24 de junio al 24 de julio 2026<br><br><strong>Extemporaneo<\/strong><br>Del 27 de julio al 14 de agosto de 2026<\/td><\/tr><tr><td><strong>Curso proped\u00e9utico<\/strong><\/td><td>13 y 14 de agosto de 2026 (09:00 am) sin costo<\/td><\/tr><tr><td><strong>Inicio de clases<\/strong><\/td><td>17 de agosto de 2026<\/td><\/tr><\/tbody><\/table><\/figure>\n\n\n\n<ul class=\"wp-block-list\">\n<li>Documentaci\u00f3n requerida (copia tama\u00f1o carta)<br>&nbsp;\u00b7 Acta de Nacimiento<br>&nbsp;\u00b7 Certificado de Secundaria<br>&nbsp;\u00b7 Certificado de Bachillerato (o constancia de estudios)<br>&nbsp;\u00b7 CURP<br>&nbsp;\u00b7 Comprobante de domicilio<br>&nbsp;\u00b7 6 Fotograf\u00edas tama\u00f1o infantil blanco y negro terminado mate (No instant\u00e1neas)<br>&nbsp;\u00b7 Certificado M\u00e9dico (Reciente y con copia de la c\u00e9dula profesional de quien lo emite). Debe incluir los siguientes estudios de laboratorio: VIH, Hepatitis, VDRL, Copro-parasitoscopio Serie I, Qu\u00edmica sangu\u00ednea de 6 elementos, Biometr\u00eda hem\u00e1tica y antecedentes de COVID-19.<br>&nbsp;\u00b7 Recibo de Pago<\/li>\n<\/ul>\n\n\n\n<p>Mayor informaci\u00f3n \u00e1rea administrativa.<\/p>\n\n\n\n<p>*Segunda aplicaci\u00f3n extempor\u00e1nea estar\u00e1 sujeta al n\u00famero de participantes para llevarse a cabo, quedando reservado el derecho de admisi\u00f3n.<\/p>\n\n\n\n<p>Tel\u00e9fono: 718 127 0881<\/p>\n","protected":false},"excerpt":{"rendered":"<p>CONVOCATORIA CICLO ESCOLAR AGOSTO 2026 &#8211; JULIO 2027 Se pone en conocimiento de la comunidad estudiantil las fechas vigentes de inscripciones Preinscripci\u00f3n Precio especialDel 13 de abril al 29 de mayo de 2026 Extempor\u00e1neoDel 1 de junio al 30 de julio de 2026 Examen de ubicaci\u00f3n 14 de junio de 2026 a las 8:00 am &hellip; <\/p>\n<p class=\"link-more\"><a href=\"https:\/\/iaeso.com.mx\/index.php\/inscripciones\/\" class=\"more-link\">Continuar leyendo<span class=\"screen-reader-text\"> &#8220;Inscripciones&#8221;<\/span><\/a><\/p>\n","protected":false},"author":1,"featured_media":0,"parent":0,"menu_order":0,"comment_status":"closed","ping_status":"closed","template":"","meta":{"footnotes":""},"class_list":["post-32","page","type-page","status-publish","hentry"],"_links":{"self":[{"href":"https:\/\/iaeso.com.mx\/index.php\/wp-json\/wp\/v2\/pages\/32","targetHints":{"allow":["GET"]}}],"collection":[{"href":"https:\/\/iaeso.com.mx\/index.php\/wp-json\/wp\/v2\/pages"}],"about":[{"href":"https:\/\/iaeso.com.mx\/index.php\/wp-json\/wp\/v2\/types\/page"}],"author":[{"embeddable":true,"href":"https:\/\/iaeso.com.mx\/index.php\/wp-json\/wp\/v2\/users\/1"}],"replies":[{"embeddable":true,"href":"https:\/\/iaeso.com.mx\/index.php\/wp-json\/wp\/v2\/comments?post=32"}],"version-history":[{"count":31,"href":"https:\/\/iaeso.com.mx\/index.php\/wp-json\/wp\/v2\/pages\/32\/revisions"}],"predecessor-version":[{"id":269,"href":"https:\/\/iaeso.com.mx\/index.php\/wp-json\/wp\/v2\/pages\/32\/revisions\/269"}],"wp:attachment":[{"href":"https:\/\/iaeso.com.mx\/index.php\/wp-json\/wp\/v2\/media?parent=32"}],"curies":[{"name":"wp","href":"https:\/\/api.w.org\/{rel}","templated":true}]}}